{"id":25401,"date":"2020-09-16T05:08:36","date_gmt":"2020-09-16T05:08:36","guid":{"rendered":"https:\/\/ibenus.com\/index.php\/about\/"},"modified":"2023-02-22T17:03:45","modified_gmt":"2023-02-22T22:03:45","slug":"about","status":"publish","type":"page","link":"https:\/\/ibenus.com\/index.php\/about\/","title":{"rendered":"Nosotros"},"content":{"rendered":"\n<div class=\"wp-block-uagb-container uagb-block-34df3da1 alignfull uagb-is-root-container\"><div class=\"uagb-container-inner-blocks-wrap\">\n<div class=\"wp-block-uagb-advanced-heading uagb-block-b2bbc98a\"><h1 class=\"uagb-heading-text\">Nosotros<\/h1><p class=\"uagb-desc-text\">Bienvenidos a Ibenus, una empresa con tres a\u00f1os de experiencia en el mercado. Desde nuestros inicios, nos hemos dedicado a ofrecer productos y servicios de alta calidad a nuestros clientes, manteniendo siempre nuestro compromiso con la excelencia y la innovaci\u00f3n.<br>&nbsp;<br>Durante estos tres a\u00f1os, hemos trabajado arduamente para consolidarnos como una empresa l\u00edder en nuestro sector. Nuestra dedicaci\u00f3n y esfuerzo se ha convertido en una s\u00f3lida base de clientes satisfechos, quienes han confiado en nosotros para satisfacer sus necesidades y expectativas.<br>&nbsp;<br>En nuestra compa\u00f1\u00eda, nos enorgullece ofrecer soluciones personalizadas y adaptadas a las necesidades de cada uno de nuestros clientes. Creemos que la atenci\u00f3n al cliente es fundamental para establecer relaciones duraderas y satisfactorias, por lo que nos esforzamos por brindar un servicio de alta calidad en todo momento.<br>&nbsp;<br>Nos motiva seguir creciendo y desarrollando nuestra empresa, ofreciendo siempre soluciones innovadoras y eficientes. Agradecemos la confianza de nuestros clientes y esperamos seguir siendo su elecci\u00f3n preferida en el futuro.<\/p><\/div>\n<\/div><\/div>\n\n\n\n<div class=\"wp-block-uagb-container uagb-block-060a4399 alignfull uagb-is-root-container\"><div class=\"uagb-container-inner-blocks-wrap\">\n<div class=\"wp-block-uagb-container uagb-block-65c7b347 alignfull uagb-is-root-container\"><div class=\"uagb-container-inner-blocks-wrap\">\n<figure class=\"wp-block-image aligncenter size-large is-resized is-style-default\"><img decoding=\"async\" loading=\"lazy\" src=\"https:\/\/ibenus.com\/wp-content\/uploads\/2023\/02\/Natalia-NuIl-1024x1024.jpeg\" alt=\"\" class=\"wp-image-26514\" width=\"184\" height=\"184\" srcset=\"https:\/\/ibenus.com\/wp-content\/uploads\/2023\/02\/Natalia-NuIl-1024x1024.jpeg 1024w, https:\/\/ibenus.com\/wp-content\/uploads\/2023\/02\/Natalia-NuIl-300x300.jpeg 300w, https:\/\/ibenus.com\/wp-content\/uploads\/2023\/02\/Natalia-NuIl-150x150.jpeg 150w, https:\/\/ibenus.com\/wp-content\/uploads\/2023\/02\/Natalia-NuIl-768x768.jpeg 768w, https:\/\/ibenus.com\/wp-content\/uploads\/2023\/02\/Natalia-NuIl-1536x1536.jpeg 1536w, https:\/\/ibenus.com\/wp-content\/uploads\/2023\/02\/Natalia-NuIl-600x600.jpeg 600w, https:\/\/ibenus.com\/wp-content\/uploads\/2023\/02\/Natalia-NuIl-100x100.jpeg 100w, https:\/\/ibenus.com\/wp-content\/uploads\/2023\/02\/Natalia-NuIl.jpeg 1600w\" sizes=\"(max-width: 184px) 100vw, 184px\" \/><figcaption class=\"wp-element-caption\">Lic. Natalia Nu\u00f1ez<br>Gerente General<\/figcaption><\/figure>\n<\/div><\/div>\n\n\n\n<div class=\"wp-block-uagb-container uagb-block-73e1cc3a alignfull uagb-is-root-container\"><div class=\"uagb-container-inner-blocks-wrap\">\n<div class=\"wp-block-uagb-image aligncenter uagb-block-43f1d970 wp-block-uagb-image--layout-default wp-block-uagb-image--effect-static wp-block-uagb-image--align-center\" style=\"border-radius:5px\"><figure class=\"wp-block-uagb-image__figure\"><img decoding=\"async\" srcset=\"https:\/\/ibenus.com\/wp-content\/uploads\/2023\/02\/Ana-Caceres-2-1024x1024.jpeg \" src=\"https:\/\/ibenus.com\/wp-content\/uploads\/2023\/02\/Ana-Caceres-2-1024x1024.jpeg\" alt=\"\" class=\"uag-image-26530\" width=\"189\" height=\"183\" title=\"\" loading=\"lazy\"\/><figcaption class=\"uagb-image-caption\">Lic. Ana Lucia Caceres<br>Jefe Comercial<\/figcaption><\/figure><\/div>\n<\/div><\/div>\n\n\n\n<div class=\"wp-block-uagb-container uagb-block-77caaa2e\">\n<div class=\"wp-block-uagb-advanced-heading uagb-block-d20b3b4b\"><h2 class=\"uagb-heading-text\">Historia<\/h2><p class=\"uagb-desc-text\">Ibenus SAC es una empresa fundada el 26 de julio de 2019 por dos socios accionistas. La empresa se dedica a ofrecer soluciones y productos de alta tecnolog\u00eda para las empresas p\u00fablicas y privadas, adem\u00e1s de contar con otros servicios complementarios.<br>Desde su fundaci\u00f3n, Ibenus SAC se ha enfocado en el desarrollo y producci\u00f3n de soluciones tecnol\u00f3gicas que puedan mejorar los procesos y la eficiencia en el \u00e1mbito empresarial tanto p\u00fablico como privado. Entre sus productos se encuentran sistemas de monitoreo y control de procesos industriales, software de gesti\u00f3n de mantenimiento, sistemas de vigilancia y control de acceso, entre otros.<br>Adem\u00e1s de su oferta de productos y servicios tecnol\u00f3gicos, Ibenus SAC tambi\u00e9n cuenta con una amplia gama de productos de protecci\u00f3n personal (EPP), as\u00ed como de \u00fatiles de oficina. La empresa se ha enfocado en ofrecer una amplia variedad de opciones para satisfacer las necesidades de sus clientes en distintos \u00e1mbitos.<br>En cuanto a los servicios, Ibenus SAC tambi\u00e9n presta servicios de personal de mantenimiento, limpieza y jardiner\u00eda, para satisfacer las necesidades de sus clientes en cuanto a la administraci\u00f3n y mantenimiento de sus instalaciones.<br>La empresa ha logrado establecerse como una de las principales opciones en el mercado gracias a su enfoque en la innovaci\u00f3n y la calidad. La alta calidad de sus productos y servicios, combinada con un excelente servicio al cliente, ha llevado a la empresa a establecer relaciones a largo plazo con sus clientes.<br>Ibenus SAC se ha enfocado en expandir su alcance y su oferta de productos y servicios a trav\u00e9s de alianzas estrat\u00e9gicas con otras empresas y organizaciones en el sector privado y p\u00fablico. La empresa ha logrado establecer una presencia a nivel nacional, ofreciendo soluciones personalizadas y de alta calidad en distintos mercados.<br>En la actualidad, Ibenus SAC sigue trabajando en la mejora y la innovaci\u00f3n de sus productos y servicios, siempre enfocada en ofrecer soluciones de alta calidad y en adaptarse a las necesidades de sus clientes en el sector privado y p\u00fablico. Los accionistas empresarios peruanos contin\u00faan liderando la empresa, comprometidos con su visi\u00f3n de seguir creciendo y consolidando su posici\u00f3n como l\u00edderes en su sector.<\/p><\/div>\n<\/div>\n<\/div><\/div>\n","protected":false},"excerpt":{"rendered":"","protected":false},"author":1,"featured_media":0,"parent":0,"menu_order":0,"comment_status":"closed","ping_status":"closed","template":"","meta":{"om_disable_all_campaigns":false,"_uag_custom_page_level_css":"","_monsterinsights_skip_tracking":false,"_monsterinsights_sitenote_active":false,"_monsterinsights_sitenote_note":"","_monsterinsights_sitenote_category":0,"site-sidebar-layout":"no-sidebar","site-content-layout":"plain-container","ast-global-header-display":"","ast-main-header-display":"","ast-hfb-above-header-display":"","ast-hfb-below-header-display":"","ast-hfb-mobile-header-display":"","site-post-title":"disabled","ast-breadcrumbs-content":"","ast-featured-img":"disabled","footer-sml-layout":"","theme-transparent-header-meta":"enabled","adv-header-id-meta":"","stick-header-meta":"","header-above-stick-meta":"","header-main-stick-meta":"","header-below-stick-meta":""},"aioseo_notices":[],"uagb_featured_image_src":{"full":false,"thumbnail":false,"medium":false,"medium_large":false,"large":false,"1536x1536":false,"2048x2048":false,"woocommerce_thumbnail":false,"woocommerce_single":false,"woocommerce_gallery_thumbnail":false},"uagb_author_info":{"display_name":"jainor@hotmail.com","author_link":"https:\/\/ibenus.com\/index.php\/author\/jainorhotmail-com\/"},"uagb_comment_info":0,"uagb_excerpt":null,"_links":{"self":[{"href":"https:\/\/ibenus.com\/index.php\/wp-json\/wp\/v2\/pages\/25401"}],"collection":[{"href":"https:\/\/ibenus.com\/index.php\/wp-json\/wp\/v2\/pages"}],"about":[{"href":"https:\/\/ibenus.com\/index.php\/wp-json\/wp\/v2\/types\/page"}],"author":[{"embeddable":true,"href":"https:\/\/ibenus.com\/index.php\/wp-json\/wp\/v2\/users\/1"}],"replies":[{"embeddable":true,"href":"https:\/\/ibenus.com\/index.php\/wp-json\/wp\/v2\/comments?post=25401"}],"version-history":[{"count":14,"href":"https:\/\/ibenus.com\/index.php\/wp-json\/wp\/v2\/pages\/25401\/revisions"}],"predecessor-version":[{"id":26544,"href":"https:\/\/ibenus.com\/index.php\/wp-json\/wp\/v2\/pages\/25401\/revisions\/26544"}],"wp:attachment":[{"href":"https:\/\/ibenus.com\/index.php\/wp-json\/wp\/v2\/media?parent=25401"}],"curies":[{"name":"wp","href":"https:\/\/api.w.org\/{rel}","templated":true}]}}